{"id":6306,"date":"2026-03-04T16:06:37","date_gmt":"2026-03-04T15:06:37","guid":{"rendered":"https:\/\/emeraldview.es\/terms-conditions\/"},"modified":"2026-03-04T16:35:21","modified_gmt":"2026-03-04T15:35:21","slug":"terms-conditions","status":"publish","type":"page","link":"https:\/\/emeraldview.es\/es\/terms-conditions\/","title":{"rendered":"T\u00e9rminos y Condiciones"},"content":{"rendered":"\t\t<div data-elementor-type=\"wp-page\" data-elementor-id=\"6306\" class=\"elementor elementor-6306 elementor-6254\" data-elementor-post-type=\"page\">\n\t\t\t\t<div class=\"elementor-element elementor-element-336097c e-flex e-con-boxed pxl-column-none e-con e-parent \" data-id=\"336097c\" data-element_type=\"container\" data-e-type=\"container\">\t\t\t<div class=\"e-con-inner\">\r\n\t\t\t\t<div class=\"elementor-element elementor-element-3a06dc0 elementor-widget elementor-widget-text-editor\" data-id=\"3a06dc0\" data-element_type=\"widget\" data-e-type=\"widget\" data-widget_type=\"text-editor.default\">\n\t\t\t\t\t\t\t\t\t<p data-path-to-node=\"2\"><b data-path-to-node=\"2\" data-index-in-node=\"0\">AVISO LEGAL: EMERALD VIEW CLUB RESIDENCES<\/b><\/p><p data-path-to-node=\"3\"><b data-path-to-node=\"3\" data-index-in-node=\"0\">LEY DE SERVICIOS DE LA SOCIEDAD DE LA INFORMACI\u00d3N (LSSI)<\/b> Investhome 2015 S.L., responsable de este sitio web, en adelante el RESPONSABLE, pone a disposici\u00f3n de los usuarios este documento con el fin de dar cumplimiento a las obligaciones dispuestas <span class=\"citation-304 citation-end-304\">en la Ley 34\/2002, de 11 de julio, de Servicios de la Sociedad de la Informaci\u00f3n y de Comercio Electr\u00f3nico (LSSICE), as\u00ed como informar a todos los usuarios del sitio web respecto a cu\u00e1les son las condiciones de uso.<\/span><\/p><div class=\"source-inline-chip-container ng-star-inserted\">\u00a0<\/div><p data-path-to-node=\"4\"><span class=\"citation-303 citation-end-303\">Toda persona<\/span> que acceda a este sitio web asume la condici\u00f3n de usuario, comprometi\u00e9ndose a la observancia y cumplimiento riguroso de las disposiciones aqu\u00ed dispuestas, as\u00ed como a cualquier otra disposici\u00f3n legal que fuera de aplicaci\u00f3n.<\/p><div class=\"source-inline-chip-container ng-star-inserted\">\u00a0<\/div><p data-path-to-node=\"5\">Investhome 2015 S.L. se reserva el derecho a <span class=\"citation-302 citation-end-302\">modificar cualquier tipo de informaci\u00f3n que pudiera aparecer en el sitio web, sin que exista obligaci\u00f3n de preavisar o poner en conocimiento de los usuarios dichas obligaciones, entendi\u00e9ndose como suficiente con la publicaci\u00f3n en el sitio web de<\/span> Emerald View.<\/p><div class=\"source-inline-chip-container ng-star-inserted\">\u00a0<\/div><p><b data-path-to-node=\"6\" data-index-in-node=\"0\">DATOS IDENTIFICATIVOS<\/b><\/p><ul><li>Nombre de dominio: emeraldview.es<\/li><li>Nombre comercial: Emerald View Club Residences<\/li><li>Denominaci\u00f3n social: Investhome 2015 S.L. NIF: B93429272<\/li><li>Domicilio social: Pol\u00edgono Industrial Nueva Campana N\u00ba104, 29660, Marbella, M\u00e1laga<\/li><li>Tel\u00e9fono: (+34) 618 779 554, (+34) 952 866 339<\/li><li>E-mail: info@investhome.es<\/li><li>Inscrita en el Registro Mercantil: 25\/09\/2015 en el tomo 5439, folio 183, inscripci\u00f3n 1, hoja MA-130201.<\/li><\/ul>\t\t\t\t\t\t\t\t<\/div>\n\t\t\t\t\t<\/div>\r\n\t\t\t\t<\/div>\r\n\t\t\t\t<\/div>\n\t\t","protected":false},"excerpt":{"rendered":"<p>AVISO LEGAL: EMERALD VIEW CLUB RESIDENCES LEY DE SERVICIOS DE LA SOCIEDAD DE LA INFORMACI\u00d3N (LSSI) Investhome 2015 S.L., responsable de este sitio web, en adelante el RESPONSABLE, pone a disposici\u00f3n de los usuarios este documento con el fin de dar cumplimiento a las obligaciones dispuestas en la Ley 34\/2002, de 11 de julio, de [&hellip;]<\/p>\n","protected":false},"author":1,"featured_media":0,"parent":0,"menu_order":0,"comment_status":"closed","ping_status":"closed","template":"","meta":{"_joinchat":[],"footnotes":""},"class_list":["post-6306","page","type-page","status-publish","hentry"],"_links":{"self":[{"href":"https:\/\/emeraldview.es\/es\/wp-json\/wp\/v2\/pages\/6306","targetHints":{"allow":["GET"]}}],"collection":[{"href":"https:\/\/emeraldview.es\/es\/wp-json\/wp\/v2\/pages"}],"about":[{"href":"https:\/\/emeraldview.es\/es\/wp-json\/wp\/v2\/types\/page"}],"author":[{"embeddable":true,"href":"https:\/\/emeraldview.es\/es\/wp-json\/wp\/v2\/users\/1"}],"replies":[{"embeddable":true,"href":"https:\/\/emeraldview.es\/es\/wp-json\/wp\/v2\/comments?post=6306"}],"version-history":[{"count":4,"href":"https:\/\/emeraldview.es\/es\/wp-json\/wp\/v2\/pages\/6306\/revisions"}],"predecessor-version":[{"id":6310,"href":"https:\/\/emeraldview.es\/es\/wp-json\/wp\/v2\/pages\/6306\/revisions\/6310"}],"wp:attachment":[{"href":"https:\/\/emeraldview.es\/es\/wp-json\/wp\/v2\/media?parent=6306"}],"curies":[{"name":"wp","href":"https:\/\/api.w.org\/{rel}","templated":true}]}}