{"id":6301,"date":"2026-03-04T16:11:20","date_gmt":"2026-03-04T15:11:20","guid":{"rendered":"https:\/\/emeraldview.es\/privacy-policy\/"},"modified":"2026-03-04T16:32:43","modified_gmt":"2026-03-04T15:32:43","slug":"privacy-policy","status":"publish","type":"page","link":"https:\/\/emeraldview.es\/es\/privacy-policy\/","title":{"rendered":"Pol\u00edtica de Privacidad"},"content":{"rendered":"\t\t<div data-elementor-type=\"wp-page\" data-elementor-id=\"6301\" class=\"elementor elementor-6301 elementor-6265\" data-elementor-post-type=\"page\">\n\t\t\t\t<div class=\"elementor-element elementor-element-336097c e-flex e-con-boxed pxl-column-none e-con e-parent \" data-id=\"336097c\" data-element_type=\"container\" data-e-type=\"container\">\t\t\t<div class=\"e-con-inner\">\r\n\t\t\t\t<div class=\"elementor-element elementor-element-3a06dc0 elementor-widget elementor-widget-text-editor\" data-id=\"3a06dc0\" data-element_type=\"widget\" data-e-type=\"widget\" data-widget_type=\"text-editor.default\">\n\t\t\t\t\t\t\t\t\t<p data-path-to-node=\"14\"><b data-path-to-node=\"14\" data-index-in-node=\"0\">1. RESPONSABLE DEL TRATAMIENTO<\/b><\/p>\n<p data-path-to-node=\"14\"><ul><li><b data-path-to-node=\"15,0,0\" data-index-in-node=\"0\">Identidad:<\/b> Investhome 2015 S.L.<\/li><li><b data-path-to-node=\"15,1,0\" data-index-in-node=\"0\">NIF:<\/b> B93429272<\/li><li><b data-path-to-node=\"15,2,0\" data-index-in-node=\"0\">Direcci\u00f3n:<\/b> Pol\u00edgono Industrial Nueva Campana N\u00ba104, 29660, Marbella, M\u00e1laga<\/li><li><b data-path-to-node=\"15,3,0\" data-index-in-node=\"0\">Correo electr\u00f3nico:<\/b> info@investhome.es<\/li><\/ul><\/p>\n\n\n\n<p data-path-to-node=\"16\"><b data-path-to-node=\"16\" data-index-in-node=\"0\">2. FINALIDAD DEL TRATAMIENTO DE LOS DATOS<\/b> De conformidad con el RGPD, le informamos que los datos recogidos a trav\u00e9s de los formularios de <b data-path-to-node=\"16\" data-index-in-node=\"139\">Emerald View<\/b> (incluyendo formularios de Google Ads) ser\u00e1n tratados para:<\/p>\n<p data-path-to-node=\"16\">\n<\/p><ol>\n<li>Gestionar su solicitud de informaci\u00f3n relativa a la promoci\u00f3n inmobiliaria <b data-path-to-node=\"17,0,0\" data-index-in-node=\"75\">Emerald View<\/b>.<\/li>\n<li>Enviar comunicaciones comerciales y actualizaciones sobre nuestros servicios, siempre que haya otorgado su consentimiento.<\/li>\n<\/ol>\n<p data-path-to-node=\"18\"><b data-path-to-node=\"18\" data-index-in-node=\"0\">3. CONSERVACI\u00d3N DE LOS DATOS<\/b> Sus datos se conservar\u00e1n mientras exista un inter\u00e9s mutuo para mantener el fin del tratamiento o hasta que usted solicite su supresi\u00f3n.<\/p>\n<p data-path-to-node=\"19\"><b data-path-to-node=\"19\" data-index-in-node=\"0\">4. LEGITIMACI\u00d3N<\/b> La base legal para el tratamiento de sus datos es el <b data-path-to-node=\"19\" data-index-in-node=\"69\">consentimiento<\/b> que el usuario otorga al enviar el formulario.<\/p>\n<p data-path-to-node=\"20\"><b data-path-to-node=\"20\" data-index-in-node=\"0\">5. DESTINATARIOS<\/b> No se ceder\u00e1n datos a terceros, salvo obligaci\u00f3n legal o para la correcta prestaci\u00f3n del servicio solicitado a trav\u00e9s de nuestra gesti\u00f3n interna.<\/p>\n<p data-path-to-node=\"21\"><b data-path-to-node=\"21\" data-index-in-node=\"0\">6. DERECHOS DEL USUARIO<\/b> Usted tiene derecho a acceder, rectificar, suprimir y portar sus datos, as\u00ed como a la limitaci\u00f3n u oposici\u00f3n a su tratamiento, enviando un correo electr\u00f3nico a <b data-path-to-node=\"21\" data-index-in-node=\"184\">info@investhome.es<\/b> adjuntando copia de su DNI o documento equivalente.<\/p>\t\t\t\t\t\t\t\t<\/div>\n\t\t\t\t\t<\/div>\r\n\t\t\t\t<\/div>\r\n\t\t\t\t<\/div>\n\t\t","protected":false},"excerpt":{"rendered":"<p>1. RESPONSABLE DEL TRATAMIENTO Identidad: Investhome 2015 S.L. NIF: B93429272 Direcci\u00f3n: Pol\u00edgono Industrial Nueva Campana N\u00ba104, 29660, Marbella, M\u00e1laga Correo electr\u00f3nico: info@investhome.es 2. FINALIDAD DEL TRATAMIENTO DE LOS DATOS De conformidad con el RGPD, le informamos que los datos recogidos a trav\u00e9s de los formularios de Emerald View (incluyendo formularios de Google Ads) ser\u00e1n tratados [&hellip;]<\/p>\n","protected":false},"author":1,"featured_media":0,"parent":0,"menu_order":0,"comment_status":"closed","ping_status":"closed","template":"","meta":{"_joinchat":[],"footnotes":""},"class_list":["post-6301","page","type-page","status-publish","hentry"],"_links":{"self":[{"href":"https:\/\/emeraldview.es\/es\/wp-json\/wp\/v2\/pages\/6301","targetHints":{"allow":["GET"]}}],"collection":[{"href":"https:\/\/emeraldview.es\/es\/wp-json\/wp\/v2\/pages"}],"about":[{"href":"https:\/\/emeraldview.es\/es\/wp-json\/wp\/v2\/types\/page"}],"author":[{"embeddable":true,"href":"https:\/\/emeraldview.es\/es\/wp-json\/wp\/v2\/users\/1"}],"replies":[{"embeddable":true,"href":"https:\/\/emeraldview.es\/es\/wp-json\/wp\/v2\/comments?post=6301"}],"version-history":[{"count":4,"href":"https:\/\/emeraldview.es\/es\/wp-json\/wp\/v2\/pages\/6301\/revisions"}],"predecessor-version":[{"id":6305,"href":"https:\/\/emeraldview.es\/es\/wp-json\/wp\/v2\/pages\/6301\/revisions\/6305"}],"wp:attachment":[{"href":"https:\/\/emeraldview.es\/es\/wp-json\/wp\/v2\/media?parent=6301"}],"curies":[{"name":"wp","href":"https:\/\/api.w.org\/{rel}","templated":true}]}}